{"id":18220,"date":"2023-06-25T15:41:15","date_gmt":"2023-06-25T14:41:15","guid":{"rendered":"https:\/\/consomy.com\/a-propos\/"},"modified":"2024-12-29T11:09:24","modified_gmt":"2024-12-29T10:09:24","slug":"a-propos","status":"publish","type":"page","link":"https:\/\/consomy.com\/fr\/a-propos\/","title":{"rendered":"\u00c0 propos"},"content":{"rendered":"\t\t<div data-elementor-type=\"wp-page\" data-elementor-id=\"18220\" class=\"elementor elementor-18220 elementor-15\">\n\t\t\t\t\t\t<section class=\"elementor-section elementor-top-section elementor-element elementor-element-a57e83d elementor-section-boxed elementor-section-height-default elementor-section-height-default\" data-id=\"a57e83d\" data-element_type=\"section\" data-e-type=\"section\">\n\t\t\t\t\t\t<div class=\"elementor-container elementor-column-gap-default\">\n\t\t\t\t\t<div class=\"elementor-column elementor-col-100 elementor-top-column elementor-element elementor-element-9a9364c\" data-id=\"9a9364c\" data-element_type=\"column\" data-e-type=\"column\">\n\t\t\t<div class=\"elementor-widget-wrap elementor-element-populated\">\n\t\t\t\t\t\t<div class=\"elementor-element elementor-element-7e4ebd2 elementor-widget elementor-widget-heading\" data-id=\"7e4ebd2\" data-element_type=\"widget\" data-e-type=\"widget\" data-widget_type=\"heading.default\">\n\t\t\t\t<div class=\"elementor-widget-container\">\n\t\t\t\t\t<h1 class=\"elementor-heading-title elementor-size-default\">\u00c0 propos de Consomy<\/h1>\t\t\t\t<\/div>\n\t\t\t\t<\/div>\n\t\t\t\t\t<\/div>\n\t\t<\/div>\n\t\t\t\t\t<\/div>\n\t\t<\/section>\n\t\t\t\t<section class=\"elementor-section elementor-top-section elementor-element elementor-element-277d70a elementor-section-boxed elementor-section-height-default elementor-section-height-default\" data-id=\"277d70a\" data-element_type=\"section\" data-e-type=\"section\">\n\t\t\t\t\t\t<div class=\"elementor-container elementor-column-gap-default\">\n\t\t\t\t\t<div class=\"elementor-column elementor-col-100 elementor-top-column elementor-element elementor-element-4c35a78\" data-id=\"4c35a78\" data-element_type=\"column\" data-e-type=\"column\">\n\t\t\t<div class=\"elementor-widget-wrap elementor-element-populated\">\n\t\t\t\t\t\t<div class=\"elementor-element elementor-element-bce17e0 elementor-widget elementor-widget-heading\" data-id=\"bce17e0\" data-element_type=\"widget\" data-e-type=\"widget\" data-widget_type=\"heading.default\">\n\t\t\t\t<div class=\"elementor-widget-container\">\n\t\t\t\t\t<h2 class=\"elementor-heading-title elementor-size-default\">Consommer mieux, Vivre mieux<\/h2>\t\t\t\t<\/div>\n\t\t\t\t<\/div>\n\t\t\t\t<div class=\"elementor-element elementor-element-2bd7ffe elementor-widget elementor-widget-text-editor\" data-id=\"2bd7ffe\" data-element_type=\"widget\" data-e-type=\"widget\" data-widget_type=\"text-editor.default\">\n\t\t\t\t<div class=\"elementor-widget-container\">\n\t\t\t\t\t\t\t\t\t<p style=\"text-align: center;\">Vers un mode de vie plus durable<\/p><p>Nous connectons des millions de consommateurs conscients \u00e0 des produits locaux, sociaux et durables, pour avoir un impact durable, am\u00e9liorer leur vie et vivre mieux.<\/p><p>Gr\u00e2ce \u00e0 Consomy, des millions de personnes se connectent pour acheter et consommer des biens sociaux uniques et des produits durables. Nous proposons \u00e9galement une large gamme de services et d&rsquo;outils qui aident les organisations influentes \u00e0 partager leurs histoires et \u00e0 d\u00e9montrer leur impact.<\/p><p>La mission de Consomy est d&rsquo;engager des consommateurs conscients aupr\u00e8s d&rsquo;organisations \u00e0 fort impact de mani\u00e8re \u00e0 construire un monde plus \u00e9panouissant et plus durable, et nous nous engageons \u00e0 utiliser le pouvoir de l&rsquo;entrepreneuriat et de l&rsquo;innovation sociale pour am\u00e9liorer la vie, responsabiliser les gens et maintenir l&rsquo;impact.<\/p>\t\t\t\t\t\t\t\t<\/div>\n\t\t\t\t<\/div>\n\t\t\t\t\t<\/div>\n\t\t<\/div>\n\t\t\t\t\t<\/div>\n\t\t<\/section>\n\t\t\t\t<section class=\"elementor-section elementor-top-section elementor-element elementor-element-acd07e8 elementor-section-boxed elementor-section-height-default elementor-section-height-default\" data-id=\"acd07e8\" data-element_type=\"section\" data-e-type=\"section\">\n\t\t\t\t\t\t<div class=\"elementor-container elementor-column-gap-default\">\n\t\t\t\t\t<div class=\"elementor-column elementor-col-50 elementor-top-column elementor-element elementor-element-895bfbd\" data-id=\"895bfbd\" data-element_type=\"column\" data-e-type=\"column\">\n\t\t\t<div class=\"elementor-widget-wrap elementor-element-populated\">\n\t\t\t\t\t\t<div class=\"elementor-element elementor-element-b604fce elementor-widget elementor-widget-heading\" data-id=\"b604fce\" data-element_type=\"widget\" data-e-type=\"widget\" data-widget_type=\"heading.default\">\n\t\t\t\t<div class=\"elementor-widget-container\">\n\t\t\t\t\t<h2 class=\"elementor-heading-title elementor-size-default\">Notre vision<\/h2>\t\t\t\t<\/div>\n\t\t\t\t<\/div>\n\t\t\t\t<div class=\"elementor-element elementor-element-e6c211c elementor-widget elementor-widget-text-editor\" data-id=\"e6c211c\" data-element_type=\"widget\" data-e-type=\"widget\" data-widget_type=\"text-editor.default\">\n\t\t\t\t<div class=\"elementor-widget-container\">\n\t\t\t\t\t\t\t\t\t<p>Nous cr\u00e9ons un monde o\u00f9 la consommation consciente devient la norme et o\u00f9 les individus sont habilit\u00e9s \u00e0 faire des choix \u00e9clair\u00e9s et durables dans leur vie quotidienne. Nous envisageons un avenir dans lequel les gens donnent la priorit\u00e9 au bien-\u00eatre de notre plan\u00e8te et de ses habitants, et adoptons un style de vie qui favorise \u00e0 la fois l&rsquo;\u00e9panouissement personnel et l&rsquo;harmonie environnementale.<\/p><p>Gr\u00e2ce \u00e0 notre plateforme, nous nous engageons \u00e0 inspirer et \u00e0 donner aux individus les moyens de vivre une vie intelligente, responsable et durable, et \u00e0 favoriser une soci\u00e9t\u00e9 mondiale qui valorise et adopte une consommation consciente.<\/p>\t\t\t\t\t\t\t\t<\/div>\n\t\t\t\t<\/div>\n\t\t\t\t\t<\/div>\n\t\t<\/div>\n\t\t\t\t<div class=\"elementor-column elementor-col-50 elementor-top-column elementor-element elementor-element-82b9cd5\" data-id=\"82b9cd5\" data-element_type=\"column\" data-e-type=\"column\">\n\t\t\t<div class=\"elementor-widget-wrap elementor-element-populated\">\n\t\t\t\t\t\t<div class=\"elementor-element elementor-element-98731ce elementor-widget elementor-widget-image\" data-id=\"98731ce\" data-element_type=\"widget\" data-e-type=\"widget\" data-widget_type=\"image.default\">\n\t\t\t\t<div class=\"elementor-widget-container\">\n\t\t\t\t\t\t\t\t\t\t\t\t\t\t\t<img fetchpriority=\"high\" decoding=\"async\" width=\"1000\" height=\"667\" src=\"https:\/\/consomy.com\/wp-content\/uploads\/2024\/02\/\u062f\u0644\u064a\u0644\u0643-\u0644\u062a\u0642\u0644\u064a\u0644-\u0627\u0646\u0628\u0639\u0627\u062b\u0627\u062a-\u0627\u0644\u0643\u0631\u0628\u0648\u0646.jpg\" class=\"attachment-large size-large wp-image-18129\" alt=\"\" srcset=\"https:\/\/consomy.com\/wp-content\/uploads\/2024\/02\/\u062f\u0644\u064a\u0644\u0643-\u0644\u062a\u0642\u0644\u064a\u0644-\u0627\u0646\u0628\u0639\u0627\u062b\u0627\u062a-\u0627\u0644\u0643\u0631\u0628\u0648\u0646.jpg 1000w, https:\/\/consomy.com\/wp-content\/uploads\/2024\/02\/\u062f\u0644\u064a\u0644\u0643-\u0644\u062a\u0642\u0644\u064a\u0644-\u0627\u0646\u0628\u0639\u0627\u062b\u0627\u062a-\u0627\u0644\u0643\u0631\u0628\u0648\u0646-400x267.jpg 400w, https:\/\/consomy.com\/wp-content\/uploads\/2024\/02\/\u062f\u0644\u064a\u0644\u0643-\u0644\u062a\u0642\u0644\u064a\u0644-\u0627\u0646\u0628\u0639\u0627\u062b\u0627\u062a-\u0627\u0644\u0643\u0631\u0628\u0648\u0646-768x512.jpg 768w, https:\/\/consomy.com\/wp-content\/uploads\/2024\/02\/\u062f\u0644\u064a\u0644\u0643-\u0644\u062a\u0642\u0644\u064a\u0644-\u0627\u0646\u0628\u0639\u0627\u062b\u0627\u062a-\u0627\u0644\u0643\u0631\u0628\u0648\u0646-180x120.jpg 180w, https:\/\/consomy.com\/wp-content\/uploads\/2024\/02\/\u062f\u0644\u064a\u0644\u0643-\u0644\u062a\u0642\u0644\u064a\u0644-\u0627\u0646\u0628\u0639\u0627\u062b\u0627\u062a-\u0627\u0644\u0643\u0631\u0628\u0648\u0646-561x374.jpg 561w, https:\/\/consomy.com\/wp-content\/uploads\/2024\/02\/\u062f\u0644\u064a\u0644\u0643-\u0644\u062a\u0642\u0644\u064a\u0644-\u0627\u0646\u0628\u0639\u0627\u062b\u0627\u062a-\u0627\u0644\u0643\u0631\u0628\u0648\u0646-265x177.jpg 265w, https:\/\/consomy.com\/wp-content\/uploads\/2024\/02\/\u062f\u0644\u064a\u0644\u0643-\u0644\u062a\u0642\u0644\u064a\u0644-\u0627\u0646\u0628\u0639\u0627\u062b\u0627\u062a-\u0627\u0644\u0643\u0631\u0628\u0648\u0646-531x354.jpg 531w, https:\/\/consomy.com\/wp-content\/uploads\/2024\/02\/\u062f\u0644\u064a\u0644\u0643-\u0644\u062a\u0642\u0644\u064a\u0644-\u0627\u0646\u0628\u0639\u0627\u062b\u0627\u062a-\u0627\u0644\u0643\u0631\u0628\u0648\u0646-364x243.jpg 364w, https:\/\/consomy.com\/wp-content\/uploads\/2024\/02\/\u062f\u0644\u064a\u0644\u0643-\u0644\u062a\u0642\u0644\u064a\u0644-\u0627\u0646\u0628\u0639\u0627\u062b\u0627\u062a-\u0627\u0644\u0643\u0631\u0628\u0648\u0646-728x486.jpg 728w, https:\/\/consomy.com\/wp-content\/uploads\/2024\/02\/\u062f\u0644\u064a\u0644\u0643-\u0644\u062a\u0642\u0644\u064a\u0644-\u0627\u0646\u0628\u0639\u0627\u062b\u0627\u062a-\u0627\u0644\u0643\u0631\u0628\u0648\u0646-608x406.jpg 608w, https:\/\/consomy.com\/wp-content\/uploads\/2024\/02\/\u062f\u0644\u064a\u0644\u0643-\u0644\u062a\u0642\u0644\u064a\u0644-\u0627\u0646\u0628\u0639\u0627\u062b\u0627\u062a-\u0627\u0644\u0643\u0631\u0628\u0648\u0646-758x506.jpg 758w, https:\/\/consomy.com\/wp-content\/uploads\/2024\/02\/\u062f\u0644\u064a\u0644\u0643-\u0644\u062a\u0642\u0644\u064a\u0644-\u0627\u0646\u0628\u0639\u0627\u062b\u0627\u062a-\u0627\u0644\u0643\u0631\u0628\u0648\u0646-72x48.jpg 72w, https:\/\/consomy.com\/wp-content\/uploads\/2024\/02\/\u062f\u0644\u064a\u0644\u0643-\u0644\u062a\u0642\u0644\u064a\u0644-\u0627\u0646\u0628\u0639\u0627\u062b\u0627\u062a-\u0627\u0644\u0643\u0631\u0628\u0648\u0646-144x96.jpg 144w, https:\/\/consomy.com\/wp-content\/uploads\/2024\/02\/\u062f\u0644\u064a\u0644\u0643-\u0644\u062a\u0642\u0644\u064a\u0644-\u0627\u0646\u0628\u0639\u0627\u062b\u0627\u062a-\u0627\u0644\u0643\u0631\u0628\u0648\u0646-313x209.jpg 313w\" sizes=\"(max-width: 1000px) 100vw, 1000px\" \/>\t\t\t\t\t\t\t\t\t\t\t\t\t\t\t<\/div>\n\t\t\t\t<\/div>\n\t\t\t\t\t<\/div>\n\t\t<\/div>\n\t\t\t\t\t<\/div>\n\t\t<\/section>\n\t\t\t\t<section class=\"elementor-section elementor-top-section elementor-element elementor-element-abbcb88 elementor-section-boxed elementor-section-height-default elementor-section-height-default\" data-id=\"abbcb88\" data-element_type=\"section\" data-e-type=\"section\">\n\t\t\t\t\t\t<div class=\"elementor-container elementor-column-gap-default\">\n\t\t\t\t\t<div class=\"elementor-column elementor-col-50 elementor-top-column elementor-element elementor-element-6968f58\" data-id=\"6968f58\" data-element_type=\"column\" data-e-type=\"column\">\n\t\t\t<div class=\"elementor-widget-wrap elementor-element-populated\">\n\t\t\t\t\t\t<div class=\"elementor-element elementor-element-c4dfaa8 elementor-widget elementor-widget-image\" data-id=\"c4dfaa8\" data-element_type=\"widget\" data-e-type=\"widget\" data-widget_type=\"image.default\">\n\t\t\t\t<div class=\"elementor-widget-container\">\n\t\t\t\t\t\t\t\t\t\t\t\t\t\t\t<img decoding=\"async\" width=\"1000\" height=\"560\" src=\"https:\/\/consomy.com\/wp-content\/uploads\/2024\/02\/\u062f\u0645\u062c-\u0627\u0644\u0627\u0633\u062a\u062f\u0627\u0645\u0629-\u0648-\u0627\u0644\u0627\u0628\u062a\u0643\u0627\u0631-\u0644\u0645\u0633\u062a\u0642\u0628\u0644-\u0623\u062e\u0636\u0631.jpg\" class=\"attachment-large size-large wp-image-18130\" alt=\"\" srcset=\"https:\/\/consomy.com\/wp-content\/uploads\/2024\/02\/\u062f\u0645\u062c-\u0627\u0644\u0627\u0633\u062a\u062f\u0627\u0645\u0629-\u0648-\u0627\u0644\u0627\u0628\u062a\u0643\u0627\u0631-\u0644\u0645\u0633\u062a\u0642\u0628\u0644-\u0623\u062e\u0636\u0631.jpg 1000w, https:\/\/consomy.com\/wp-content\/uploads\/2024\/02\/\u062f\u0645\u062c-\u0627\u0644\u0627\u0633\u062a\u062f\u0627\u0645\u0629-\u0648-\u0627\u0644\u0627\u0628\u062a\u0643\u0627\u0631-\u0644\u0645\u0633\u062a\u0642\u0628\u0644-\u0623\u062e\u0636\u0631-400x224.jpg 400w, https:\/\/consomy.com\/wp-content\/uploads\/2024\/02\/\u062f\u0645\u062c-\u0627\u0644\u0627\u0633\u062a\u062f\u0627\u0645\u0629-\u0648-\u0627\u0644\u0627\u0628\u062a\u0643\u0627\u0631-\u0644\u0645\u0633\u062a\u0642\u0628\u0644-\u0623\u062e\u0636\u0631-768x430.jpg 768w, https:\/\/consomy.com\/wp-content\/uploads\/2024\/02\/\u062f\u0645\u062c-\u0627\u0644\u0627\u0633\u062a\u062f\u0627\u0645\u0629-\u0648-\u0627\u0644\u0627\u0628\u062a\u0643\u0627\u0631-\u0644\u0645\u0633\u062a\u0642\u0628\u0644-\u0623\u062e\u0636\u0631-192x108.jpg 192w, https:\/\/consomy.com\/wp-content\/uploads\/2024\/02\/\u062f\u0645\u062c-\u0627\u0644\u0627\u0633\u062a\u062f\u0627\u0645\u0629-\u0648-\u0627\u0644\u0627\u0628\u062a\u0643\u0627\u0631-\u0644\u0645\u0633\u062a\u0642\u0628\u0644-\u0623\u062e\u0636\u0631-384x216.jpg 384w, https:\/\/consomy.com\/wp-content\/uploads\/2024\/02\/\u062f\u0645\u062c-\u0627\u0644\u0627\u0633\u062a\u062f\u0627\u0645\u0629-\u0648-\u0627\u0644\u0627\u0628\u062a\u0643\u0627\u0631-\u0644\u0645\u0633\u062a\u0642\u0628\u0644-\u0623\u062e\u0636\u0631-364x205.jpg 364w, https:\/\/consomy.com\/wp-content\/uploads\/2024\/02\/\u062f\u0645\u062c-\u0627\u0644\u0627\u0633\u062a\u062f\u0627\u0645\u0629-\u0648-\u0627\u0644\u0627\u0628\u062a\u0643\u0627\u0631-\u0644\u0645\u0633\u062a\u0642\u0628\u0644-\u0623\u062e\u0636\u0631-728x409.jpg 728w, https:\/\/consomy.com\/wp-content\/uploads\/2024\/02\/\u062f\u0645\u062c-\u0627\u0644\u0627\u0633\u062a\u062f\u0627\u0645\u0629-\u0648-\u0627\u0644\u0627\u0628\u062a\u0643\u0627\u0631-\u0644\u0645\u0633\u062a\u0642\u0628\u0644-\u0623\u062e\u0636\u0631-561x314.jpg 561w, https:\/\/consomy.com\/wp-content\/uploads\/2024\/02\/\u062f\u0645\u062c-\u0627\u0644\u0627\u0633\u062a\u062f\u0627\u0645\u0629-\u0648-\u0627\u0644\u0627\u0628\u062a\u0643\u0627\u0631-\u0644\u0645\u0633\u062a\u0642\u0628\u0644-\u0623\u062e\u0636\u0631-265x148.jpg 265w, https:\/\/consomy.com\/wp-content\/uploads\/2024\/02\/\u062f\u0645\u062c-\u0627\u0644\u0627\u0633\u062a\u062f\u0627\u0645\u0629-\u0648-\u0627\u0644\u0627\u0628\u062a\u0643\u0627\u0631-\u0644\u0645\u0633\u062a\u0642\u0628\u0644-\u0623\u062e\u0636\u0631-531x297.jpg 531w, https:\/\/consomy.com\/wp-content\/uploads\/2024\/02\/\u062f\u0645\u062c-\u0627\u0644\u0627\u0633\u062a\u062f\u0627\u0645\u0629-\u0648-\u0627\u0644\u0627\u0628\u062a\u0643\u0627\u0631-\u0644\u0645\u0633\u062a\u0642\u0628\u0644-\u0623\u062e\u0636\u0631-608x340.jpg 608w, https:\/\/consomy.com\/wp-content\/uploads\/2024\/02\/\u062f\u0645\u062c-\u0627\u0644\u0627\u0633\u062a\u062f\u0627\u0645\u0629-\u0648-\u0627\u0644\u0627\u0628\u062a\u0643\u0627\u0631-\u0644\u0645\u0633\u062a\u0642\u0628\u0644-\u0623\u062e\u0636\u0631-758x424.jpg 758w, https:\/\/consomy.com\/wp-content\/uploads\/2024\/02\/\u062f\u0645\u062c-\u0627\u0644\u0627\u0633\u062a\u062f\u0627\u0645\u0629-\u0648-\u0627\u0644\u0627\u0628\u062a\u0643\u0627\u0631-\u0644\u0645\u0633\u062a\u0642\u0628\u0644-\u0623\u062e\u0636\u0631-86x48.jpg 86w, https:\/\/consomy.com\/wp-content\/uploads\/2024\/02\/\u062f\u0645\u062c-\u0627\u0644\u0627\u0633\u062a\u062f\u0627\u0645\u0629-\u0648-\u0627\u0644\u0627\u0628\u062a\u0643\u0627\u0631-\u0644\u0645\u0633\u062a\u0642\u0628\u0644-\u0623\u062e\u0636\u0631-171x96.jpg 171w, https:\/\/consomy.com\/wp-content\/uploads\/2024\/02\/\u062f\u0645\u062c-\u0627\u0644\u0627\u0633\u062a\u062f\u0627\u0645\u0629-\u0648-\u0627\u0644\u0627\u0628\u062a\u0643\u0627\u0631-\u0644\u0645\u0633\u062a\u0642\u0628\u0644-\u0623\u062e\u0636\u0631-313x175.jpg 313w\" sizes=\"(max-width: 1000px) 100vw, 1000px\" \/>\t\t\t\t\t\t\t\t\t\t\t\t\t\t\t<\/div>\n\t\t\t\t<\/div>\n\t\t\t\t\t<\/div>\n\t\t<\/div>\n\t\t\t\t<div class=\"elementor-column elementor-col-50 elementor-top-column elementor-element elementor-element-7538423\" data-id=\"7538423\" data-element_type=\"column\" data-e-type=\"column\">\n\t\t\t<div class=\"elementor-widget-wrap elementor-element-populated\">\n\t\t\t\t\t\t<div class=\"elementor-element elementor-element-a9fe857 elementor-widget elementor-widget-heading\" data-id=\"a9fe857\" data-element_type=\"widget\" data-e-type=\"widget\" data-widget_type=\"heading.default\">\n\t\t\t\t<div class=\"elementor-widget-container\">\n\t\t\t\t\t<h2 class=\"elementor-heading-title elementor-size-default\">Notre mission<\/h2>\t\t\t\t<\/div>\n\t\t\t\t<\/div>\n\t\t\t\t<div class=\"elementor-element elementor-element-5eb2705 elementor-widget elementor-widget-text-editor\" data-id=\"5eb2705\" data-element_type=\"widget\" data-e-type=\"widget\" data-widget_type=\"text-editor.default\">\n\t\t\t\t<div class=\"elementor-widget-container\">\n\t\t\t\t\t\t\t\t\t<p>Chez Consomy, notre mission est de fournir une plateforme compl\u00e8te et facile \u00e0 utiliser qui permet aux individus de faire des choix \u00e9clair\u00e9s et durables dans leurs d\u00e9cisions d&rsquo;achat et leurs habitudes de consommation.<\/p>\n<p>Nous nous engageons \u00e0 s\u00e9lectionner une gamme diversifi\u00e9e de produits et services locaux, de marques sociales et d&rsquo;exp\u00e9riences durables, garantissant ainsi \u00e0 nos utilisateurs l&rsquo;acc\u00e8s \u00e0 des choix de haute qualit\u00e9, \u00e9thiques et respectueux de l&rsquo;environnement.<\/p>\t\t\t\t\t\t\t\t<\/div>\n\t\t\t\t<\/div>\n\t\t\t\t\t<\/div>\n\t\t<\/div>\n\t\t\t\t\t<\/div>\n\t\t<\/section>\n\t\t\t\t<\/div>\n\t\t","protected":false},"excerpt":{"rendered":"<p>\u00c0 propos de Consomy Consommer mieux, Vivre mieux Vers un mode de vie plus durable Nous connectons des millions de consommateurs conscients \u00e0 des produits locaux, sociaux et durables, pour avoir un impact durable, am\u00e9liorer leur vie et vivre mieux. Gr\u00e2ce \u00e0 Consomy, des millions de personnes se connectent pour acheter et consommer des biens [&hellip;]<\/p>\n","protected":false},"author":1,"featured_media":0,"parent":0,"menu_order":0,"comment_status":"closed","ping_status":"closed","template":"elementor_header_footer","meta":{"jnews_page_loop":[],"jnews_single_page":[],"footnotes":""},"class_list":["post-18220","page","type-page","status-publish","hentry"],"yoast_head":"<!-- This site is optimized with the Yoast SEO Premium plugin v26.7 (Yoast SEO v27.3) - https:\/\/yoast.com\/product\/yoast-seo-premium-wordpress\/ -->\n<title>\u00c0 propos - Consomy<\/title>\n<meta name=\"description\" content=\"Consomy est la #1 plateforme de consommation consciente pour un mode de vie local, durable et responsable, et une vie meilleure\" \/>\n<meta name=\"robots\" content=\"index, follow, max-snippet:-1, max-image-preview:large, max-video-preview:-1\" \/>\n<link rel=\"canonical\" href=\"https:\/\/consomy.com\/fr\/a-propos\/\" \/>\n<meta property=\"og:locale\" content=\"fr_FR\" \/>\n<meta property=\"og:type\" content=\"article\" \/>\n<meta property=\"og:title\" content=\"\u00c0 propos\" \/>\n<meta property=\"og:description\" content=\"Consomy est la #1 plateforme de consommation consciente pour un mode de vie local, durable et responsable, et une vie meilleure\" \/>\n<meta property=\"og:url\" content=\"https:\/\/consomy.com\/fr\/a-propos\/\" \/>\n<meta property=\"og:site_name\" content=\"Consomy\" \/>\n<meta property=\"article:modified_time\" content=\"2024-12-29T10:09:24+00:00\" \/>\n<meta property=\"og:image\" content=\"https:\/\/consomy.com\/wp-content\/uploads\/2023\/11\/Consomy-Cover-English-Local-Sustainable-teal.png\" \/>\n\t<meta property=\"og:image:width\" content=\"1640\" \/>\n\t<meta property=\"og:image:height\" content=\"924\" \/>\n\t<meta property=\"og:image:type\" content=\"image\/png\" \/>\n<meta name=\"twitter:card\" content=\"summary_large_image\" \/>\n<meta name=\"twitter:label1\" content=\"Dur\u00e9e de lecture estim\u00e9e\" \/>\n\t<meta name=\"twitter:data1\" content=\"2 minutes\" \/>\n<script type=\"application\/ld+json\" class=\"yoast-schema-graph\">{\"@context\":\"https:\\\/\\\/schema.org\",\"@graph\":[{\"@type\":\"WebPage\",\"@id\":\"https:\\\/\\\/consomy.com\\\/fr\\\/a-propos\\\/\",\"url\":\"https:\\\/\\\/consomy.com\\\/fr\\\/a-propos\\\/\",\"name\":\"\u00c0 propos - Consomy\",\"isPartOf\":{\"@id\":\"https:\\\/\\\/consomy.com\\\/fr\\\/#website\"},\"datePublished\":\"2023-06-25T14:41:15+00:00\",\"dateModified\":\"2024-12-29T10:09:24+00:00\",\"description\":\"Consomy est la #1 plateforme de consommation consciente pour un mode de vie local, durable et responsable, et une vie meilleure\",\"breadcrumb\":{\"@id\":\"https:\\\/\\\/consomy.com\\\/fr\\\/a-propos\\\/#breadcrumb\"},\"inLanguage\":\"fr-FR\",\"potentialAction\":[{\"@type\":\"ReadAction\",\"target\":[\"https:\\\/\\\/consomy.com\\\/fr\\\/a-propos\\\/\"]}]},{\"@type\":\"BreadcrumbList\",\"@id\":\"https:\\\/\\\/consomy.com\\\/fr\\\/a-propos\\\/#breadcrumb\",\"itemListElement\":[{\"@type\":\"ListItem\",\"position\":1,\"name\":\"Consomy\",\"item\":\"https:\\\/\\\/consomy.com\\\/fr\\\/\"},{\"@type\":\"ListItem\",\"position\":2,\"name\":\"\u00c0 propos\"}]},{\"@type\":\"WebSite\",\"@id\":\"https:\\\/\\\/consomy.com\\\/fr\\\/#website\",\"url\":\"https:\\\/\\\/consomy.com\\\/fr\\\/\",\"name\":\"Consomy\",\"description\":\"Consommer mieux, Vivre mieux\",\"publisher\":{\"@id\":\"https:\\\/\\\/consomy.com\\\/fr\\\/#organization\"},\"potentialAction\":[{\"@type\":\"SearchAction\",\"target\":{\"@type\":\"EntryPoint\",\"urlTemplate\":\"https:\\\/\\\/consomy.com\\\/fr\\\/?s={search_term_string}\"},\"query-input\":{\"@type\":\"PropertyValueSpecification\",\"valueRequired\":true,\"valueName\":\"search_term_string\"}}],\"inLanguage\":\"fr-FR\"},{\"@type\":\"Organization\",\"@id\":\"https:\\\/\\\/consomy.com\\\/fr\\\/#organization\",\"name\":\"Consomy\",\"url\":\"https:\\\/\\\/consomy.com\\\/fr\\\/\",\"logo\":{\"@type\":\"ImageObject\",\"inLanguage\":\"fr-FR\",\"@id\":\"https:\\\/\\\/consomy.com\\\/fr\\\/#\\\/schema\\\/logo\\\/image\\\/\",\"url\":\"https:\\\/\\\/consomy.com\\\/wp-content\\\/uploads\\\/2023\\\/11\\\/Consomy-Logo-Solo-Deep-Teal.jpg\",\"contentUrl\":\"https:\\\/\\\/consomy.com\\\/wp-content\\\/uploads\\\/2023\\\/11\\\/Consomy-Logo-Solo-Deep-Teal.jpg\",\"width\":1000,\"height\":1000,\"caption\":\"Consomy\"},\"image\":{\"@id\":\"https:\\\/\\\/consomy.com\\\/fr\\\/#\\\/schema\\\/logo\\\/image\\\/\"},\"sameAs\":[\"https:\\\/\\\/www.linkedin.com\\\/company\\\/consomy\"]}]}<\/script>\n<!-- \/ Yoast SEO Premium plugin. -->","yoast_head_json":{"title":"\u00c0 propos - Consomy","description":"Consomy est la #1 plateforme de consommation consciente pour un mode de vie local, durable et responsable, et une vie meilleure","robots":{"index":"index","follow":"follow","max-snippet":"max-snippet:-1","max-image-preview":"max-image-preview:large","max-video-preview":"max-video-preview:-1"},"canonical":"https:\/\/consomy.com\/fr\/a-propos\/","og_locale":"fr_FR","og_type":"article","og_title":"\u00c0 propos","og_description":"Consomy est la #1 plateforme de consommation consciente pour un mode de vie local, durable et responsable, et une vie meilleure","og_url":"https:\/\/consomy.com\/fr\/a-propos\/","og_site_name":"Consomy","article_modified_time":"2024-12-29T10:09:24+00:00","og_image":[{"width":1640,"height":924,"url":"https:\/\/consomy.com\/wp-content\/uploads\/2023\/11\/Consomy-Cover-English-Local-Sustainable-teal.png","type":"image\/png"}],"twitter_card":"summary_large_image","twitter_misc":{"Dur\u00e9e de lecture estim\u00e9e":"2 minutes"},"schema":{"@context":"https:\/\/schema.org","@graph":[{"@type":"WebPage","@id":"https:\/\/consomy.com\/fr\/a-propos\/","url":"https:\/\/consomy.com\/fr\/a-propos\/","name":"\u00c0 propos - Consomy","isPartOf":{"@id":"https:\/\/consomy.com\/fr\/#website"},"datePublished":"2023-06-25T14:41:15+00:00","dateModified":"2024-12-29T10:09:24+00:00","description":"Consomy est la #1 plateforme de consommation consciente pour un mode de vie local, durable et responsable, et une vie meilleure","breadcrumb":{"@id":"https:\/\/consomy.com\/fr\/a-propos\/#breadcrumb"},"inLanguage":"fr-FR","potentialAction":[{"@type":"ReadAction","target":["https:\/\/consomy.com\/fr\/a-propos\/"]}]},{"@type":"BreadcrumbList","@id":"https:\/\/consomy.com\/fr\/a-propos\/#breadcrumb","itemListElement":[{"@type":"ListItem","position":1,"name":"Consomy","item":"https:\/\/consomy.com\/fr\/"},{"@type":"ListItem","position":2,"name":"\u00c0 propos"}]},{"@type":"WebSite","@id":"https:\/\/consomy.com\/fr\/#website","url":"https:\/\/consomy.com\/fr\/","name":"Consomy","description":"Consommer mieux, Vivre mieux","publisher":{"@id":"https:\/\/consomy.com\/fr\/#organization"},"potentialAction":[{"@type":"SearchAction","target":{"@type":"EntryPoint","urlTemplate":"https:\/\/consomy.com\/fr\/?s={search_term_string}"},"query-input":{"@type":"PropertyValueSpecification","valueRequired":true,"valueName":"search_term_string"}}],"inLanguage":"fr-FR"},{"@type":"Organization","@id":"https:\/\/consomy.com\/fr\/#organization","name":"Consomy","url":"https:\/\/consomy.com\/fr\/","logo":{"@type":"ImageObject","inLanguage":"fr-FR","@id":"https:\/\/consomy.com\/fr\/#\/schema\/logo\/image\/","url":"https:\/\/consomy.com\/wp-content\/uploads\/2023\/11\/Consomy-Logo-Solo-Deep-Teal.jpg","contentUrl":"https:\/\/consomy.com\/wp-content\/uploads\/2023\/11\/Consomy-Logo-Solo-Deep-Teal.jpg","width":1000,"height":1000,"caption":"Consomy"},"image":{"@id":"https:\/\/consomy.com\/fr\/#\/schema\/logo\/image\/"},"sameAs":["https:\/\/www.linkedin.com\/company\/consomy"]}]}},"_links":{"self":[{"href":"https:\/\/consomy.com\/fr\/wp-json\/wp\/v2\/pages\/18220","targetHints":{"allow":["GET"]}}],"collection":[{"href":"https:\/\/consomy.com\/fr\/wp-json\/wp\/v2\/pages"}],"about":[{"href":"https:\/\/consomy.com\/fr\/wp-json\/wp\/v2\/types\/page"}],"author":[{"embeddable":true,"href":"https:\/\/consomy.com\/fr\/wp-json\/wp\/v2\/users\/1"}],"replies":[{"embeddable":true,"href":"https:\/\/consomy.com\/fr\/wp-json\/wp\/v2\/comments?post=18220"}],"version-history":[{"count":4,"href":"https:\/\/consomy.com\/fr\/wp-json\/wp\/v2\/pages\/18220\/revisions"}],"predecessor-version":[{"id":18842,"href":"https:\/\/consomy.com\/fr\/wp-json\/wp\/v2\/pages\/18220\/revisions\/18842"}],"wp:attachment":[{"href":"https:\/\/consomy.com\/fr\/wp-json\/wp\/v2\/media?parent=18220"}],"curies":[{"name":"wp","href":"https:\/\/api.w.org\/{rel}","templated":true}]}}